{"id":118,"date":"2023-03-02T14:39:04","date_gmt":"2023-03-02T13:39:04","guid":{"rendered":"https:\/\/founex-loisirs.ch\/?page_id=118"},"modified":"2026-03-29T17:24:35","modified_gmt":"2026-03-29T15:24:35","slug":"nos-animations-2023","status":"publish","type":"page","link":"https:\/\/founex-loisirs.ch\/?page_id=118","title":{"rendered":"Nos animations 2026"},"content":{"rendered":"\n<div class=\"wp-block-columns is-layout-flex wp-container-core-columns-is-layout-9d6595d7 wp-block-columns-is-layout-flex\">\n<div class=\"wp-block-column is-layout-flow wp-block-column-is-layout-flow\"><\/div>\n\n\n\n<div class=\"wp-block-column is-layout-flow wp-block-column-is-layout-flow\"><\/div>\n\n\n\n<div class=\"wp-block-column is-layout-flow wp-block-column-is-layout-flow\"><\/div>\n<\/div>\n\n\n\n<div class=\"wp-block-columns is-layout-flex wp-container-core-columns-is-layout-9d6595d7 wp-block-columns-is-layout-flex\">\n<div class=\"wp-block-column is-layout-flow wp-block-column-is-layout-flow\"><\/div>\n\n\n\n<div class=\"wp-block-column is-layout-flow wp-block-column-is-layout-flow\"><\/div>\n<\/div>\n\n\n\n<p>25 avril: Rallye de Printemps<\/p>\n\n\n\n<p>21-22 ao\u00fbt : F\u00eate au village &#8211; Vide grenier <\/p>\n\n\n\n<p>04 novembre: Championnat Mario Kart &#8211; info &amp; inscription<\/p>\n\n\n\n<p>18 novembre: Atelier lanternes<\/p>\n\n\n\n<p>21 novembre: Soir\u00e9e raclette<\/p>\n\n\n\n<p>16 d\u00e9cembre: Visite du p\u00e8re no\u00ebl<\/p>\n\n\n\n<p><\/p>\n\n\n\n<figure class=\"wp-block-table is-style-stripes\"><table><tbody><tr><td><\/td><td><\/td><td><\/td><td><\/td><\/tr><\/tbody><\/table><\/figure>\n\n\n\n<p><\/p>\n","protected":false},"excerpt":{"rendered":"<p>25 avril: Rallye de Printemps 21-22 ao\u00fbt : F\u00eate au village &#8211; Vide grenier 04 novembre: Championnat Mario Kart &#8211; info &amp; inscription 18 novembre: Atelier lanternes 21 novembre: Soir\u00e9e raclette 16 d\u00e9cembre: Visite du p\u00e8re no\u00ebl<\/p>\n","protected":false},"author":2,"featured_media":0,"parent":0,"menu_order":0,"comment_status":"closed","ping_status":"closed","template":"","meta":{"_monsterinsights_skip_tracking":false,"_monsterinsights_sitenote_active":false,"_monsterinsights_sitenote_note":"","_monsterinsights_sitenote_category":0,"footnotes":""},"class_list":["post-118","page","type-page","status-publish","hentry"],"_links":{"self":[{"href":"https:\/\/founex-loisirs.ch\/index.php?rest_route=\/wp\/v2\/pages\/118","targetHints":{"allow":["GET"]}}],"collection":[{"href":"https:\/\/founex-loisirs.ch\/index.php?rest_route=\/wp\/v2\/pages"}],"about":[{"href":"https:\/\/founex-loisirs.ch\/index.php?rest_route=\/wp\/v2\/types\/page"}],"author":[{"embeddable":true,"href":"https:\/\/founex-loisirs.ch\/index.php?rest_route=\/wp\/v2\/users\/2"}],"replies":[{"embeddable":true,"href":"https:\/\/founex-loisirs.ch\/index.php?rest_route=%2Fwp%2Fv2%2Fcomments&post=118"}],"version-history":[{"count":19,"href":"https:\/\/founex-loisirs.ch\/index.php?rest_route=\/wp\/v2\/pages\/118\/revisions"}],"predecessor-version":[{"id":460,"href":"https:\/\/founex-loisirs.ch\/index.php?rest_route=\/wp\/v2\/pages\/118\/revisions\/460"}],"wp:attachment":[{"href":"https:\/\/founex-loisirs.ch\/index.php?rest_route=%2Fwp%2Fv2%2Fmedia&parent=118"}],"curies":[{"name":"wp","href":"https:\/\/api.w.org\/{rel}","templated":true}]}}