{"id":119,"date":"2023-03-02T14:39:04","date_gmt":"2023-03-02T13:39:04","guid":{"rendered":"https:\/\/founex-loisirs.ch\/?page_id=119"},"modified":"2025-08-26T21:30:02","modified_gmt":"2025-08-26T19:30:02","slug":"devenez-membre","status":"publish","type":"page","link":"https:\/\/founex-loisirs.ch\/?page_id=119","title":{"rendered":"Devenir membre"},"content":{"rendered":"\n<p>Founex Loisirs fonctionne uniquement gr\u00e2ce aux cotisations de ses adh\u00e9rents et aux recettes g\u00e9n\u00e9r\u00e9es lors de nos \u00e9v\u00e9nements. L&rsquo;association est \u00e0 but non-lucratif.  L&rsquo;int\u00e9gralit\u00e9 des b\u00e9n\u00e9fices est r\u00e9engag\u00e9e pour les animations futures. <\/p>\n\n\n\n<p>Pour que l&rsquo;association vive, nous avons besoin de faire grandir notre communaut\u00e9. Par votre adh\u00e9sion,  vous contribuez non seulement au fonctionnement de nos activit\u00e9s et \u00e0 la vie sociale du village, mais surtout vous donnez une raison d&rsquo;\u00eatre essentielle pour le maintien de nos actions.<\/p>\n\n\n\n<p>En devenant membre, vous marquez votre soutien et participez au d\u00e9veloppement de notre association. Vous pourrez aussi b\u00e9n\u00e9ficier de quelques avantages tels que d&rsquo;un tarif pr\u00e9f\u00e9rentiel ou d&rsquo;une priorit\u00e9 lors d&rsquo;inscription pour nos \u00e9v\u00e9nements. <\/p>\n\n\n\n<p>Vous recevrez une fois par ann\u00e9e le calendrier des activit\u00e9s avec votre renouvellement d&rsquo;adh\u00e9sion incluant la liste de vos avantages, ainsi qu&rsquo;une invitation pour l&rsquo;assembl\u00e9e g\u00e9n\u00e9rale annuelle. <\/p>\n\n\n\n<p><\/p>\n\n\n\n<p>Faisons vivre ensemble  FOUNEX LOISIRS!<\/p>\n\n\n\n<div class=\"wp-block-file\"><a id=\"wp-block-file--media-d1b0f441-21ae-455a-b689-8fe2789b2a02\" href=\"https:\/\/founex-loisirs.ch\/wp-content\/uploads\/2025\/08\/BulletinAdhesionSiteWeb2025.jpg\">BulletinAdhe\u0301sionSiteWeb2025<\/a><a href=\"https:\/\/founex-loisirs.ch\/wp-content\/uploads\/2025\/08\/BulletinAdhesionSiteWeb2025.jpg\" class=\"wp-block-file__button wp-element-button\" download aria-describedby=\"wp-block-file--media-d1b0f441-21ae-455a-b689-8fe2789b2a02\">T\u00e9l\u00e9charger<\/a><\/div>\n\n\n\n<p><\/p>\n","protected":false},"excerpt":{"rendered":"<p>Founex Loisirs fonctionne uniquement gr\u00e2ce aux cotisations de ses adh\u00e9rents et aux recettes g\u00e9n\u00e9r\u00e9es lors de nos \u00e9v\u00e9nements. L&rsquo;association est \u00e0 but non-lucratif. L&rsquo;int\u00e9gralit\u00e9 des b\u00e9n\u00e9fices est r\u00e9engag\u00e9e pour les animations futures. Pour que l&rsquo;association vive, nous avons besoin de faire grandir notre communaut\u00e9. Par votre adh\u00e9sion, vous contribuez non seulement au fonctionnement de nos [&hellip;]<\/p>\n","protected":false},"author":2,"featured_media":0,"parent":0,"menu_order":0,"comment_status":"closed","ping_status":"closed","template":"","meta":{"_monsterinsights_skip_tracking":false,"_monsterinsights_sitenote_active":false,"_monsterinsights_sitenote_note":"","_monsterinsights_sitenote_category":0,"footnotes":""},"class_list":["post-119","page","type-page","status-publish","hentry"],"_links":{"self":[{"href":"https:\/\/founex-loisirs.ch\/index.php?rest_route=\/wp\/v2\/pages\/119","targetHints":{"allow":["GET"]}}],"collection":[{"href":"https:\/\/founex-loisirs.ch\/index.php?rest_route=\/wp\/v2\/pages"}],"about":[{"href":"https:\/\/founex-loisirs.ch\/index.php?rest_route=\/wp\/v2\/types\/page"}],"author":[{"embeddable":true,"href":"https:\/\/founex-loisirs.ch\/index.php?rest_route=\/wp\/v2\/users\/2"}],"replies":[{"embeddable":true,"href":"https:\/\/founex-loisirs.ch\/index.php?rest_route=%2Fwp%2Fv2%2Fcomments&post=119"}],"version-history":[{"count":9,"href":"https:\/\/founex-loisirs.ch\/index.php?rest_route=\/wp\/v2\/pages\/119\/revisions"}],"predecessor-version":[{"id":443,"href":"https:\/\/founex-loisirs.ch\/index.php?rest_route=\/wp\/v2\/pages\/119\/revisions\/443"}],"wp:attachment":[{"href":"https:\/\/founex-loisirs.ch\/index.php?rest_route=%2Fwp%2Fv2%2Fmedia&parent=119"}],"curies":[{"name":"wp","href":"https:\/\/api.w.org\/{rel}","templated":true}]}}