{"id":231,"date":"2023-03-27T20:53:10","date_gmt":"2023-03-27T18:53:10","guid":{"rendered":"https:\/\/founex-loisirs.ch\/?page_id=231"},"modified":"2026-03-29T17:21:41","modified_gmt":"2026-03-29T15:21:41","slug":"rallye-de-printemps","status":"publish","type":"page","link":"https:\/\/founex-loisirs.ch\/?page_id=231","title":{"rendered":"Rallye de Printemps"},"content":{"rendered":"\n<p><\/p>\n\n\n\n<p><\/p>\n\n\n\n<p><strong>CONCEPT<\/strong><\/p>\n\n\n\n<p>Le Rallye de printemps a immerg\u00e9 pour P\u00e2ques 2021 par une envie de revoir le village bouger, \u00e9changer apr\u00e8s le confinement en r\u00e9alisant quelques activit\u00e9s et r\u00e9solution d&rsquo;\u00e9nigmes \u00e0 travers un parcours dans le village.<\/p>\n\n\n\n<p>Fort de ce succ\u00e8s, nous avons d\u00e9cid\u00e9 de perp\u00e9tuer cet \u00e9v\u00e9nement et d\u2019inclure d\u2019autres soci\u00e9t\u00e9s locales et commer\u00e7ants de la r\u00e9gion.<\/p>\n\n\n\n<p>Cette ann\u00e9e, nous attendons nos participants, petits et grands, \u00e0 pied, ou \u00e0 roulettes, entre 13h et 16h pour un parcours d\u2019environ 1h30-2h dans le village. Nous organisons des d\u00e9fis avec des jeux de la ludoth\u00e8que,\u00a0des \u00e9nigmes, des activit\u00e9s anim\u00e9es par les soci\u00e9t\u00e9s locales de la p\u00e9tanque et de la voile, mais aussi le jardin d&rsquo;enfants, les vignerons et les b\u00e9n\u00e9voles.<\/p>\n\n\n\n<p><\/p>\n\n\n\n<p><strong>INFORMATION<\/strong><\/p>\n\n\n\n<p>Lieu de d\u00e9part: pr\u00e9au de l&rsquo;\u00e9cole <\/p>\n\n\n\n<p>Horaires: d\u00e9fis \u00e0 r\u00e9aliser entre 13h et 16h (dernier d\u00e9part).<\/p>\n\n\n\n<p><\/p>\n\n\n\n<p><strong>Renseignement <\/strong>aupr\u00e8s de Lionel Maurer: 079 730 94 50.<\/p>\n\n\n\n<p>Pr\u00e9-inscription souhait\u00e9e \u00e0&nbsp;: <a href=\"mailto:info@founex-loisirs.ch\">info@founex-loisirs.ch<\/a> <\/p>\n\n\n\n<p><strong>Tarifs pre-inscription: <\/strong><\/p>\n\n\n\n<p>Famille (min 3 pers) = CHF 15.- (CHF 20.- sur place).<\/p>\n\n\n\n<p>Personne seule : CHF 5.- (CHF 7.- sur place)<\/p>\n\n\n\n<p>On vous attend nombreux!<\/p>\n\n\n\n<p><\/p>\n\n\n\n<figure class=\"wp-block-image size-full\"><img loading=\"lazy\" decoding=\"async\" width=\"595\" height=\"841\" src=\"https:\/\/founex-loisirs.ch\/wp-content\/uploads\/2026\/03\/Flyer-Rallye-de-Printemps_2026_b-1.jpg\" alt=\"\" class=\"wp-image-456\" srcset=\"https:\/\/founex-loisirs.ch\/wp-content\/uploads\/2026\/03\/Flyer-Rallye-de-Printemps_2026_b-1.jpg 595w, https:\/\/founex-loisirs.ch\/wp-content\/uploads\/2026\/03\/Flyer-Rallye-de-Printemps_2026_b-1-212x300.jpg 212w\" sizes=\"auto, (max-width: 595px) 100vw, 595px\" \/><\/figure>\n","protected":false},"excerpt":{"rendered":"<p>CONCEPT Le Rallye de printemps a immerg\u00e9 pour P\u00e2ques 2021 par une envie de revoir le village bouger, \u00e9changer apr\u00e8s le confinement en r\u00e9alisant quelques activit\u00e9s et r\u00e9solution d&rsquo;\u00e9nigmes \u00e0 travers un parcours dans le village. Fort de ce succ\u00e8s, nous avons d\u00e9cid\u00e9 de perp\u00e9tuer cet \u00e9v\u00e9nement et d\u2019inclure d\u2019autres soci\u00e9t\u00e9s locales et commer\u00e7ants de [&hellip;]<\/p>\n","protected":false},"author":2,"featured_media":0,"parent":118,"menu_order":0,"comment_status":"closed","ping_status":"closed","template":"","meta":{"_monsterinsights_skip_tracking":false,"_monsterinsights_sitenote_active":false,"_monsterinsights_sitenote_note":"","_monsterinsights_sitenote_category":0,"footnotes":""},"class_list":["post-231","page","type-page","status-publish","hentry"],"_links":{"self":[{"href":"https:\/\/founex-loisirs.ch\/index.php?rest_route=\/wp\/v2\/pages\/231","targetHints":{"allow":["GET"]}}],"collection":[{"href":"https:\/\/founex-loisirs.ch\/index.php?rest_route=\/wp\/v2\/pages"}],"about":[{"href":"https:\/\/founex-loisirs.ch\/index.php?rest_route=\/wp\/v2\/types\/page"}],"author":[{"embeddable":true,"href":"https:\/\/founex-loisirs.ch\/index.php?rest_route=\/wp\/v2\/users\/2"}],"replies":[{"embeddable":true,"href":"https:\/\/founex-loisirs.ch\/index.php?rest_route=%2Fwp%2Fv2%2Fcomments&post=231"}],"version-history":[{"count":8,"href":"https:\/\/founex-loisirs.ch\/index.php?rest_route=\/wp\/v2\/pages\/231\/revisions"}],"predecessor-version":[{"id":458,"href":"https:\/\/founex-loisirs.ch\/index.php?rest_route=\/wp\/v2\/pages\/231\/revisions\/458"}],"up":[{"embeddable":true,"href":"https:\/\/founex-loisirs.ch\/index.php?rest_route=\/wp\/v2\/pages\/118"}],"wp:attachment":[{"href":"https:\/\/founex-loisirs.ch\/index.php?rest_route=%2Fwp%2Fv2%2Fmedia&parent=231"}],"curies":[{"name":"wp","href":"https:\/\/api.w.org\/{rel}","templated":true}]}}