{"id":304,"date":"2023-09-27T16:17:31","date_gmt":"2023-09-27T14:17:31","guid":{"rendered":"https:\/\/founex-loisirs.ch\/?page_id=304"},"modified":"2025-08-26T21:19:22","modified_gmt":"2025-08-26T19:19:22","slug":"tournoi-mario-kart","status":"publish","type":"page","link":"https:\/\/founex-loisirs.ch\/?page_id=304","title":{"rendered":"Tournoi Mario Kart"},"content":{"rendered":"<div class=\"wp-block-image\">\n<figure class=\"aligncenter size-full is-resized\"><img loading=\"lazy\" decoding=\"async\" width=\"580\" height=\"580\" src=\"https:\/\/founex-loisirs.ch\/wp-content\/uploads\/2023\/09\/Mario-Kart-tous-personnages.jpeg\" alt=\"\" class=\"wp-image-313\" style=\"width:390px;height:390px\" srcset=\"https:\/\/founex-loisirs.ch\/wp-content\/uploads\/2023\/09\/Mario-Kart-tous-personnages.jpeg 580w, https:\/\/founex-loisirs.ch\/wp-content\/uploads\/2023\/09\/Mario-Kart-tous-personnages-300x300.jpeg 300w, https:\/\/founex-loisirs.ch\/wp-content\/uploads\/2023\/09\/Mario-Kart-tous-personnages-150x150.jpeg 150w, https:\/\/founex-loisirs.ch\/wp-content\/uploads\/2023\/09\/Mario-Kart-tous-personnages-450x450.jpeg 450w, https:\/\/founex-loisirs.ch\/wp-content\/uploads\/2023\/09\/Mario-Kart-tous-personnages-60x60.jpeg 60w, https:\/\/founex-loisirs.ch\/wp-content\/uploads\/2023\/09\/Mario-Kart-tous-personnages-550x550.jpeg 550w\" sizes=\"auto, (max-width: 580px) 100vw, 580px\" \/><\/figure>\n<\/div>\n\n\n<h2 class=\"wp-block-heading\">Concept<\/h2>\n\n\n\n<p>Le samedi 04 octobre 2025, nous organisons notre 3\u00e8me tournoi de Mario kart qui se jouera sur la Nintendo Switch.<\/p>\n\n\n\n<p>La salle de spectacles de Founex se transformera en v\u00e9ritable place de gaming avec plusieurs \u00eelots de jeu qui accueilleront en tournus quatre joueurs.<\/p>\n\n\n\n<p>Le tournoi est ouvert d\u00e8s 6 ans avec deux cat\u00e9gories de joueurs : 6ans -&gt; 11ans (pr\u00e9sence accompagnants obligatoires) \/ 12 ans et plus (adultes inclus).<\/p>\n\n\n\n<p>Les joueurs s&rsquo;affronteront tout au long de la journ\u00e9e sur la version Mario Kart 8 Delixe en cumulant des points selon leur classement dans les courses. Le tournoi sera cl\u00f4tur\u00e9 par une grande finale et une remise des prix en fin d&rsquo;apr\u00e8s-midi. Un dipl\u00f4me sera remis \u00e0 chaque joueur.<\/p>\n\n\n<div class=\"wp-block-image\">\n<figure class=\"aligncenter size-full is-resized\"><img loading=\"lazy\" decoding=\"async\" width=\"547\" height=\"487\" src=\"https:\/\/founex-loisirs.ch\/wp-content\/uploads\/2023\/09\/MK-FL.png\" alt=\"\" class=\"wp-image-340\" style=\"width:188px;height:125px\" srcset=\"https:\/\/founex-loisirs.ch\/wp-content\/uploads\/2023\/09\/MK-FL.png 547w, https:\/\/founex-loisirs.ch\/wp-content\/uploads\/2023\/09\/MK-FL-300x267.png 300w\" sizes=\"auto, (max-width: 547px) 100vw, 547px\" \/><\/figure>\n<\/div>\n\n\n<h2 class=\"wp-block-heading\">Informations pratiques<\/h2>\n\n\n\n<p><strong>Lieu de la manifestation :<\/strong> Salle de spectacles de Founex.<\/p>\n\n\n\n<p><strong>Horaire :<\/strong> Accueil des joueurs d\u00e8s 10h15. Le tournoi se d\u00e9roulera de 11h \u00e0 17h (inclus remise des prix).<\/p>\n\n\n\n<p><strong>Inscriptions obligatoires \u00e0<\/strong> : <a href=\"mailto:info@founex-loisirs.ch\">info@founex-loisirs.ch<\/a> <\/p>\n\n\n\n<p><strong>Priorit\u00e9s donn\u00e9e aux membres de notre association!<\/strong> <a href=\"https:\/\/founex-loisirs.ch\/?page_id=119\">Info ici<\/a><\/p>\n\n\n\n<p><strong>Prix :<\/strong> 10 frs par joueur (membres Founex Loisirs) \/ CHF 15.-non membre et CHF 20.- sur place.<\/p>\n\n\n\n<p><strong>Mat\u00e9riel :<\/strong> Nintendo Switch + manettes \u00e0 disposition \/ Les joueurs peuvent prendre leurs manettes.<\/p>\n\n\n\n<p><strong>Alimentation :<\/strong> Petite restauration et buvette propos\u00e9es.<\/p>\n\n\n\n<p><strong>Parking : <\/strong>Commune, gratuit.<\/p>\n\n\n\n<p><strong>Renseignement aupr\u00e8s de Lionel :<\/strong> 079 730 94 50<\/p>\n\n\n\n<h2 class=\"wp-block-heading\"><strong>On vous attend nombreux pour l&rsquo;<\/strong>UNIQUE <strong>tournoi de Mariokart de la r\u00e9gion !<\/strong><\/h2>\n","protected":false},"excerpt":{"rendered":"<p>Concept Le samedi 04 octobre 2025, nous organisons notre 3\u00e8me tournoi de Mario kart qui se jouera sur la Nintendo Switch. La salle de spectacles de Founex se transformera en v\u00e9ritable place de gaming avec plusieurs \u00eelots de jeu qui accueilleront en tournus quatre joueurs. Le tournoi est ouvert d\u00e8s 6 ans avec deux cat\u00e9gories [&hellip;]<\/p>\n","protected":false},"author":2,"featured_media":0,"parent":0,"menu_order":0,"comment_status":"closed","ping_status":"closed","template":"","meta":{"_monsterinsights_skip_tracking":false,"_monsterinsights_sitenote_active":false,"_monsterinsights_sitenote_note":"","_monsterinsights_sitenote_category":0,"footnotes":""},"class_list":["post-304","page","type-page","status-publish","hentry"],"_links":{"self":[{"href":"https:\/\/founex-loisirs.ch\/index.php?rest_route=\/wp\/v2\/pages\/304","targetHints":{"allow":["GET"]}}],"collection":[{"href":"https:\/\/founex-loisirs.ch\/index.php?rest_route=\/wp\/v2\/pages"}],"about":[{"href":"https:\/\/founex-loisirs.ch\/index.php?rest_route=\/wp\/v2\/types\/page"}],"author":[{"embeddable":true,"href":"https:\/\/founex-loisirs.ch\/index.php?rest_route=\/wp\/v2\/users\/2"}],"replies":[{"embeddable":true,"href":"https:\/\/founex-loisirs.ch\/index.php?rest_route=%2Fwp%2Fv2%2Fcomments&post=304"}],"version-history":[{"count":15,"href":"https:\/\/founex-loisirs.ch\/index.php?rest_route=\/wp\/v2\/pages\/304\/revisions"}],"predecessor-version":[{"id":441,"href":"https:\/\/founex-loisirs.ch\/index.php?rest_route=\/wp\/v2\/pages\/304\/revisions\/441"}],"wp:attachment":[{"href":"https:\/\/founex-loisirs.ch\/index.php?rest_route=%2Fwp%2Fv2%2Fmedia&parent=304"}],"curies":[{"name":"wp","href":"https:\/\/api.w.org\/{rel}","templated":true}]}}