{"id":408,"date":"2025-08-15T11:26:59","date_gmt":"2025-08-15T09:26:59","guid":{"rendered":"https:\/\/founex-loisirs.ch\/?page_id=408"},"modified":"2025-08-26T21:41:33","modified_gmt":"2025-08-26T19:41:33","slug":"diner-en-blanc-2025","status":"publish","type":"page","link":"https:\/\/founex-loisirs.ch\/?page_id=408","title":{"rendered":"D\u00eener en Blanc 2025"},"content":{"rendered":"\n<p><strong>UN GRAND MERCI POUR VOTRE PARTICIPATION!!!!<\/strong><\/p>\n\n\n\n<p><\/p>\n\n\n\n<h2 class=\"wp-block-heading\">Le film et quelques photos de la 1\u00e8re \u00e9dition <\/h2>\n\n\n\n<p><a href=\"https:\/\/founex-loisirs.ch\/wp-content\/uploads\/2025\/08\/1756043730335-2.mp4\">Film du Diner en Blanc 2025<\/a><\/p>\n\n\n\n<p><\/p>\n\n\n\n<figure class=\"wp-block-image size-large\"><img loading=\"lazy\" decoding=\"async\" width=\"1024\" height=\"768\" src=\"https:\/\/founex-loisirs.ch\/wp-content\/uploads\/2025\/08\/dji_fly_20250823_195734_184_1756033482704_photo_optimized-1024x768.jpg\" alt=\"\" class=\"wp-image-415\" srcset=\"https:\/\/founex-loisirs.ch\/wp-content\/uploads\/2025\/08\/dji_fly_20250823_195734_184_1756033482704_photo_optimized-1024x768.jpg 1024w, https:\/\/founex-loisirs.ch\/wp-content\/uploads\/2025\/08\/dji_fly_20250823_195734_184_1756033482704_photo_optimized-300x225.jpg 300w, https:\/\/founex-loisirs.ch\/wp-content\/uploads\/2025\/08\/dji_fly_20250823_195734_184_1756033482704_photo_optimized-768x576.jpg 768w, https:\/\/founex-loisirs.ch\/wp-content\/uploads\/2025\/08\/dji_fly_20250823_195734_184_1756033482704_photo_optimized-1536x1152.jpg 1536w, https:\/\/founex-loisirs.ch\/wp-content\/uploads\/2025\/08\/dji_fly_20250823_195734_184_1756033482704_photo_optimized.jpg 2048w\" sizes=\"auto, (max-width: 1024px) 100vw, 1024px\" \/><figcaption class=\"wp-element-caption\">DCIM\\100MEDIA\\DJI_0184.JPG<\/figcaption><\/figure>\n\n\n\n<figure class=\"wp-block-image size-large\"><img loading=\"lazy\" decoding=\"async\" width=\"1024\" height=\"768\" src=\"https:\/\/founex-loisirs.ch\/wp-content\/uploads\/2025\/08\/dji_fly_20250823_195806_185_1756033483118_photo_optimized-1024x768.jpg\" alt=\"\" class=\"wp-image-416\" srcset=\"https:\/\/founex-loisirs.ch\/wp-content\/uploads\/2025\/08\/dji_fly_20250823_195806_185_1756033483118_photo_optimized-1024x768.jpg 1024w, https:\/\/founex-loisirs.ch\/wp-content\/uploads\/2025\/08\/dji_fly_20250823_195806_185_1756033483118_photo_optimized-300x225.jpg 300w, https:\/\/founex-loisirs.ch\/wp-content\/uploads\/2025\/08\/dji_fly_20250823_195806_185_1756033483118_photo_optimized-768x576.jpg 768w, https:\/\/founex-loisirs.ch\/wp-content\/uploads\/2025\/08\/dji_fly_20250823_195806_185_1756033483118_photo_optimized-1536x1152.jpg 1536w, https:\/\/founex-loisirs.ch\/wp-content\/uploads\/2025\/08\/dji_fly_20250823_195806_185_1756033483118_photo_optimized.jpg 2048w\" sizes=\"auto, (max-width: 1024px) 100vw, 1024px\" \/><figcaption class=\"wp-element-caption\">DCIM\\100MEDIA\\DJI_0185.JPG<\/figcaption><\/figure>\n\n\n\n<figure class=\"wp-block-image size-large\"><img loading=\"lazy\" decoding=\"async\" width=\"1024\" height=\"768\" src=\"https:\/\/founex-loisirs.ch\/wp-content\/uploads\/2025\/08\/dji_fly_20250823_205138_187_1756033485871_photo_optimized-1024x768.jpg\" alt=\"\" class=\"wp-image-417\" srcset=\"https:\/\/founex-loisirs.ch\/wp-content\/uploads\/2025\/08\/dji_fly_20250823_205138_187_1756033485871_photo_optimized-1024x768.jpg 1024w, https:\/\/founex-loisirs.ch\/wp-content\/uploads\/2025\/08\/dji_fly_20250823_205138_187_1756033485871_photo_optimized-300x225.jpg 300w, https:\/\/founex-loisirs.ch\/wp-content\/uploads\/2025\/08\/dji_fly_20250823_205138_187_1756033485871_photo_optimized-768x576.jpg 768w, https:\/\/founex-loisirs.ch\/wp-content\/uploads\/2025\/08\/dji_fly_20250823_205138_187_1756033485871_photo_optimized-1536x1152.jpg 1536w, https:\/\/founex-loisirs.ch\/wp-content\/uploads\/2025\/08\/dji_fly_20250823_205138_187_1756033485871_photo_optimized.jpg 2048w\" sizes=\"auto, (max-width: 1024px) 100vw, 1024px\" \/><figcaption class=\"wp-element-caption\">DCIM\\100MEDIA\\DJI_0187.JPG<\/figcaption><\/figure>\n\n\n\n<figure class=\"wp-block-image size-large\"><img loading=\"lazy\" decoding=\"async\" width=\"1024\" height=\"768\" src=\"https:\/\/founex-loisirs.ch\/wp-content\/uploads\/2025\/08\/IMG_7213-1024x768.jpg\" alt=\"\" class=\"wp-image-418\" srcset=\"https:\/\/founex-loisirs.ch\/wp-content\/uploads\/2025\/08\/IMG_7213-1024x768.jpg 1024w, https:\/\/founex-loisirs.ch\/wp-content\/uploads\/2025\/08\/IMG_7213-300x225.jpg 300w, https:\/\/founex-loisirs.ch\/wp-content\/uploads\/2025\/08\/IMG_7213-768x576.jpg 768w, https:\/\/founex-loisirs.ch\/wp-content\/uploads\/2025\/08\/IMG_7213-1536x1152.jpg 1536w, https:\/\/founex-loisirs.ch\/wp-content\/uploads\/2025\/08\/IMG_7213.jpg 2048w\" sizes=\"auto, (max-width: 1024px) 100vw, 1024px\" \/><\/figure>\n\n\n\n<figure class=\"wp-block-image\"><img loading=\"lazy\" decoding=\"async\" width=\"768\" height=\"1024\" src=\"https:\/\/founex-loisirs.ch\/wp-content\/uploads\/2025\/08\/IMG_7764-768x1024.jpg\" alt=\"\" class=\"wp-image-419\" srcset=\"https:\/\/founex-loisirs.ch\/wp-content\/uploads\/2025\/08\/IMG_7764-768x1024.jpg 768w, https:\/\/founex-loisirs.ch\/wp-content\/uploads\/2025\/08\/IMG_7764-225x300.jpg 225w, https:\/\/founex-loisirs.ch\/wp-content\/uploads\/2025\/08\/IMG_7764-1152x1536.jpg 1152w, https:\/\/founex-loisirs.ch\/wp-content\/uploads\/2025\/08\/IMG_7764.jpg 1200w\" sizes=\"auto, (max-width: 768px) 100vw, 768px\" \/><figcaption class=\"wp-element-caption\">IMG_7764-768&#215;1024.jpg<\/figcaption><\/figure>\n\n\n\n<figure class=\"wp-block-gallery has-nested-images columns-default is-cropped wp-block-gallery-1 is-layout-flex wp-block-gallery-is-layout-flex\">\n<figure class=\"wp-block-image size-large\"><img loading=\"lazy\" decoding=\"async\" width=\"1024\" height=\"768\" data-id=\"420\" src=\"https:\/\/founex-loisirs.ch\/wp-content\/uploads\/2025\/08\/IMG_7770-1024x768.jpg\" alt=\"\" class=\"wp-image-420\" srcset=\"https:\/\/founex-loisirs.ch\/wp-content\/uploads\/2025\/08\/IMG_7770-1024x768.jpg 1024w, https:\/\/founex-loisirs.ch\/wp-content\/uploads\/2025\/08\/IMG_7770-300x225.jpg 300w, https:\/\/founex-loisirs.ch\/wp-content\/uploads\/2025\/08\/IMG_7770-768x576.jpg 768w, https:\/\/founex-loisirs.ch\/wp-content\/uploads\/2025\/08\/IMG_7770-1536x1152.jpg 1536w, https:\/\/founex-loisirs.ch\/wp-content\/uploads\/2025\/08\/IMG_7770.jpg 1600w\" sizes=\"auto, (max-width: 1024px) 100vw, 1024px\" \/><\/figure>\n<\/figure>\n\n\n\n<p><\/p>\n\n\n\n<figure class=\"wp-block-gallery has-nested-images columns-default is-cropped wp-block-gallery-2 is-layout-flex wp-block-gallery-is-layout-flex\">\n<figure class=\"wp-block-image size-large\"><img loading=\"lazy\" decoding=\"async\" width=\"768\" height=\"1024\" data-id=\"431\" src=\"https:\/\/founex-loisirs.ch\/wp-content\/uploads\/2025\/08\/PHOTO-2025-08-24-13-58-40-2-768x1024.jpg\" alt=\"\" class=\"wp-image-431\" srcset=\"https:\/\/founex-loisirs.ch\/wp-content\/uploads\/2025\/08\/PHOTO-2025-08-24-13-58-40-2-768x1024.jpg 768w, https:\/\/founex-loisirs.ch\/wp-content\/uploads\/2025\/08\/PHOTO-2025-08-24-13-58-40-2-225x300.jpg 225w, https:\/\/founex-loisirs.ch\/wp-content\/uploads\/2025\/08\/PHOTO-2025-08-24-13-58-40-2-1152x1536.jpg 1152w, https:\/\/founex-loisirs.ch\/wp-content\/uploads\/2025\/08\/PHOTO-2025-08-24-13-58-40-2.jpg 1536w\" sizes=\"auto, (max-width: 768px) 100vw, 768px\" \/><\/figure>\n\n\n\n<figure class=\"wp-block-image size-large\"><img loading=\"lazy\" decoding=\"async\" width=\"768\" height=\"1024\" data-id=\"430\" src=\"https:\/\/founex-loisirs.ch\/wp-content\/uploads\/2025\/08\/PHOTO-2025-08-24-09-17-37-768x1024.jpg\" alt=\"\" class=\"wp-image-430\" srcset=\"https:\/\/founex-loisirs.ch\/wp-content\/uploads\/2025\/08\/PHOTO-2025-08-24-09-17-37-768x1024.jpg 768w, https:\/\/founex-loisirs.ch\/wp-content\/uploads\/2025\/08\/PHOTO-2025-08-24-09-17-37-225x300.jpg 225w, https:\/\/founex-loisirs.ch\/wp-content\/uploads\/2025\/08\/PHOTO-2025-08-24-09-17-37-1152x1536.jpg 1152w, https:\/\/founex-loisirs.ch\/wp-content\/uploads\/2025\/08\/PHOTO-2025-08-24-09-17-37.jpg 1536w\" sizes=\"auto, (max-width: 768px) 100vw, 768px\" \/><\/figure>\n\n\n\n<figure class=\"wp-block-image size-large\"><img loading=\"lazy\" decoding=\"async\" width=\"1024\" height=\"768\" data-id=\"428\" src=\"https:\/\/founex-loisirs.ch\/wp-content\/uploads\/2025\/08\/PHOTO-2025-08-24-07-58-12-1024x768.jpg\" alt=\"\" class=\"wp-image-428\" srcset=\"https:\/\/founex-loisirs.ch\/wp-content\/uploads\/2025\/08\/PHOTO-2025-08-24-07-58-12-1024x768.jpg 1024w, https:\/\/founex-loisirs.ch\/wp-content\/uploads\/2025\/08\/PHOTO-2025-08-24-07-58-12-300x225.jpg 300w, https:\/\/founex-loisirs.ch\/wp-content\/uploads\/2025\/08\/PHOTO-2025-08-24-07-58-12-768x576.jpg 768w, https:\/\/founex-loisirs.ch\/wp-content\/uploads\/2025\/08\/PHOTO-2025-08-24-07-58-12-1536x1152.jpg 1536w, https:\/\/founex-loisirs.ch\/wp-content\/uploads\/2025\/08\/PHOTO-2025-08-24-07-58-12.jpg 2048w\" sizes=\"auto, (max-width: 1024px) 100vw, 1024px\" \/><\/figure>\n\n\n\n<figure class=\"wp-block-image size-large\"><img loading=\"lazy\" decoding=\"async\" width=\"768\" height=\"1024\" data-id=\"427\" src=\"https:\/\/founex-loisirs.ch\/wp-content\/uploads\/2025\/08\/PHOTO-2025-08-24-01-15-33-768x1024.jpg\" alt=\"\" class=\"wp-image-427\" srcset=\"https:\/\/founex-loisirs.ch\/wp-content\/uploads\/2025\/08\/PHOTO-2025-08-24-01-15-33-768x1024.jpg 768w, https:\/\/founex-loisirs.ch\/wp-content\/uploads\/2025\/08\/PHOTO-2025-08-24-01-15-33-225x300.jpg 225w, https:\/\/founex-loisirs.ch\/wp-content\/uploads\/2025\/08\/PHOTO-2025-08-24-01-15-33-1152x1536.jpg 1152w, https:\/\/founex-loisirs.ch\/wp-content\/uploads\/2025\/08\/PHOTO-2025-08-24-01-15-33.jpg 1200w\" sizes=\"auto, (max-width: 768px) 100vw, 768px\" \/><\/figure>\n\n\n\n<figure class=\"wp-block-image size-large\"><img loading=\"lazy\" decoding=\"async\" width=\"768\" height=\"1024\" data-id=\"432\" src=\"https:\/\/founex-loisirs.ch\/wp-content\/uploads\/2025\/08\/PHOTO-2025-08-24-07-58-12-2-768x1024.jpg\" alt=\"\" class=\"wp-image-432\" srcset=\"https:\/\/founex-loisirs.ch\/wp-content\/uploads\/2025\/08\/PHOTO-2025-08-24-07-58-12-2-768x1024.jpg 768w, https:\/\/founex-loisirs.ch\/wp-content\/uploads\/2025\/08\/PHOTO-2025-08-24-07-58-12-2-225x300.jpg 225w, https:\/\/founex-loisirs.ch\/wp-content\/uploads\/2025\/08\/PHOTO-2025-08-24-07-58-12-2-1152x1536.jpg 1152w, https:\/\/founex-loisirs.ch\/wp-content\/uploads\/2025\/08\/PHOTO-2025-08-24-07-58-12-2.jpg 1536w\" sizes=\"auto, (max-width: 768px) 100vw, 768px\" \/><\/figure>\n<\/figure>\n\n\n\n<p><strong><mark style=\"background-color:rgba(0, 0, 0, 0)\" class=\"has-inline-color has-white-color\">Le concept du d\u00eener en blanc<\/mark><\/strong><\/p>\n\n\n\n<h2 class=\"wp-block-heading\">Le concept<\/h2>\n\n\n\n<figure class=\"wp-block-gallery has-nested-images columns-default is-cropped wp-block-gallery-3 is-layout-flex wp-block-gallery-is-layout-flex\"><\/figure>\n\n\n\n<p><em>Imaginez une table dress\u00e9e de blanc immacul\u00e9, sous un ciel \u00e9toil\u00e9, entre les rangs de vignes dor\u00e9es par le soleil couchant. Le 23 ao\u00fbt prochain, laissez-vous transporter dans un univers champ\u00eatre, \u00e9l\u00e9gant et raffin\u00e9&#8230;<\/em><br>&nbsp;<br><strong><em>Au programme:<\/em><\/strong><br><em>Ap\u00e9ritif de bienvenue<br>Ambiance champ\u00eatre \u00e9l\u00e9gante, musicale et conviviale dans un cadre enchanteur<\/em><br>&nbsp;<br><em>Le concept est simple:<\/em><br><strong><em>Code vestimentaire :&nbsp;<\/em><\/strong><em>blanc de la t\u00eate aux pieds<\/em><br><strong><em>Lieu&nbsp;<\/em><\/strong><em>: tenu secret et uniquement aux participants qui se sont pr\u00e9-inscrits. La confirmation de l\u2019\u00e9v\u00e9nement se fera 48h avant selon les pr\u00e9visions m\u00e9t\u00e9orologiques.<\/em><br><strong><em>El\u00e9gance exig\u00e9e:<\/em><\/strong><em>&nbsp;pique-nique \u2018gastronomique\u2019<\/em><br><em>Apportez votre repas, votre nappe blanche, vos d\u00e9corations (bougies\/fleurs),&nbsp; vos couverts &amp; verres \u00e9tincelants et votre joie de vivre. Nous nous occupons du reste&#8230;<\/em><br>&nbsp;<br><strong><em>R\u00e9servations obligatoire avant le 20 ao\u00fbt: info@founex-loisirs.ch<\/em><\/strong><br><em>Nombre de places limit\u00e9<\/em><\/p>\n\n\n\n<p><\/p>\n\n\n\n<p><\/p>\n\n\n\n<h2 class=\"wp-block-heading\">Foire aux questions<\/h2>\n\n\n\n<p><strong>Quelles sont les r\u00e8gles cl\u00e9s ?<\/strong><\/p>\n\n\n\n<p>\u2022 Habillez-vous tout en blanc et soyez \u00e9l\u00e9gant(e) ! L&rsquo;originalit\u00e9 est un atout, alors amusez-vous ! Mettez de l\u2019avant vos accessoires blancs, argent\u00e9s ou dor\u00e9s.<\/p>\n\n\n\n<p>\u2022 Il ne vous reste plus qu&rsquo;\u00e0 trinquer et \u00e0 c\u00e9l\u00e9brer ces bons moments avec un verre de vin ou de champagne. Les invit\u00e9s sont cependant encourag\u00e9s \u00e0 boire de mani\u00e8re responsable.<\/p>\n\n\n\n<p>\u2022 Le lieu nous a \u00e9t\u00e9 gracieusement pr\u00eat\u00e9. Nous nous sommes engag\u00e9s \u00e0 ce qu&rsquo;il soit rendu impeccable. Aussi, merci de bien nettoyez \u00e0 la fin de la soir\u00e9e ! Ne laissez aucun d\u00e9chet derri\u00e8re vous et laissez la zone dans un \u00e9tat irr\u00e9prochable. Il en va de la r\u00e9putation de cette premi\u00e8re \u00e9dition du Diner en Blanc ! . <\/p>\n\n\n\n<p><strong>Pourquoi y a-t-il autant de r\u00e8gles pour un \u00e9v\u00e9nement qui se dit spontan\u00e9 ?<\/strong><\/p>\n\n\n\n<p>Le D\u00eener en Blanc n&rsquo;est pas un \u00e9v\u00e9nement comme les autres. La soir\u00e9e se d\u00e9roule dans un lieu priv\u00e9, en pleine nature devant \u00eatre pr\u00e9serv\u00e9e. Il doit \u00eatre soigneusement pr\u00e9par\u00e9 pour la s\u00e9r\u00e9nit\u00e9 de l\u2019\u00e9v\u00e9nement et pour que nous soyons autoris\u00e9s \u00e0 organiser des \u00e9ditions futures. Chacun a un r\u00f4le \u00e0 jouer !<\/p>\n\n\n\n<p><strong>Que dois-je apporter ?<\/strong><\/p>\n\n\n\n<p>Un panier de pique-nique et\/ou un sac comprenant un repas complet pour vous-m\u00eame et vos accompagnants, une nappe blanche, des serviettes en tissu blanches, des couverts, de la vaisselle blanche et des verres, un seau refroidisseur pour d\u00e9salt\u00e9rants ; et un sac pour les d\u00e9chets.<\/p>\n\n\n\n<p>Aucune vente de boissons ou mets ne sera assur\u00e9e sur place.<\/p>\n\n\n\n<p>Afin de vous \u00e9clairer au mieux, <strong>il est conseill\u00e9 d\u2019apporter un \u00e9clairage tel qu\u2019une lampe \u00e0 LED<\/strong>.<\/p>\n\n\n\n<p>Veuillez noter qu\u2019un aide-m\u00e9moire sera disponible pour la pr\u00e9paration de l&rsquo;\u00e9v\u00e9nement et mis \u00e0 la disposition de tous les invit\u00e9s.<\/p>\n\n\n\n<p><strong>Puis-je amener un r\u00e9chaud, caquelon de pique-nique ou un autre mode de cuisson pour l\u2019occasion&nbsp;?<\/strong><\/p>\n\n\n\n<p>Oui tout \u00e0 fait, seuls les barbecues sont interdits.<\/p>\n\n\n\n<p><strong>Comment dois-je m&rsquo;habiller ?<\/strong><\/p>\n\n\n\n<p>Soyez habill\u00e9 en blanc uniquement ! Cela ne signifie pas d&rsquo;ivoire, pas de blanc cass\u00e9, et pas de beige&#8230;<\/p>\n\n\n\n<p><strong>Les enfants sont bienvenus&nbsp;?<\/strong><\/p>\n\n\n\n<p>Oui bien entendu, ils restent sous la responsabilit\u00e9 de leurs parents, familles, accompagnants, durant la tenue l\u2019\u00e9v\u00e8nement.<\/p>\n\n\n\n<p><strong>Puis-je venir avec mon compagnon \u00e0 quatre pattes&nbsp;?<\/strong><\/p>\n\n\n\n<p>Dans un souci de pr\u00e9servation du site et pour assurer une s\u00e9r\u00e9nit\u00e9 lors du d\u00e9roulement du diner, la pr\u00e9sence des animaux de compagnie est interdite.<\/p>\n\n\n\n<p><strong>Le D\u00eener en Blanc n\u2019aura lieu si la m\u00e9t\u00e9o est cl\u00e9mente. Nous vous tiendrons inform\u00e9s le vendredi 22 ao\u00fbt au matin si l\u2019\u00e9v\u00e9nement devait \u00eatre annul\u00e9.<\/strong><\/p>\n\n\n\n<p>Vous n\u2019avez pas trouv\u00e9 de r\u00e9ponse \u00e0 votre interrogation, \u00e9crivez-nous ci-dessous et nous vous r\u00e9pondrons dans les meilleurs d\u00e9lais.<\/p>\n","protected":false},"excerpt":{"rendered":"<p>UN GRAND MERCI POUR VOTRE PARTICIPATION!!!! Le film et quelques photos de la 1\u00e8re \u00e9dition Film du Diner en Blanc 2025 Le concept du d\u00eener en blanc Le concept Imaginez une table dress\u00e9e de blanc immacul\u00e9, sous un ciel \u00e9toil\u00e9, entre les rangs de vignes dor\u00e9es par le soleil couchant. Le 23 ao\u00fbt prochain, laissez-vous [&hellip;]<\/p>\n","protected":false},"author":2,"featured_media":0,"parent":114,"menu_order":0,"comment_status":"closed","ping_status":"closed","template":"","meta":{"_monsterinsights_skip_tracking":false,"_monsterinsights_sitenote_active":false,"_monsterinsights_sitenote_note":"","_monsterinsights_sitenote_category":0,"footnotes":""},"class_list":["post-408","page","type-page","status-publish","hentry"],"_links":{"self":[{"href":"https:\/\/founex-loisirs.ch\/index.php?rest_route=\/wp\/v2\/pages\/408","targetHints":{"allow":["GET"]}}],"collection":[{"href":"https:\/\/founex-loisirs.ch\/index.php?rest_route=\/wp\/v2\/pages"}],"about":[{"href":"https:\/\/founex-loisirs.ch\/index.php?rest_route=\/wp\/v2\/types\/page"}],"author":[{"embeddable":true,"href":"https:\/\/founex-loisirs.ch\/index.php?rest_route=\/wp\/v2\/users\/2"}],"replies":[{"embeddable":true,"href":"https:\/\/founex-loisirs.ch\/index.php?rest_route=%2Fwp%2Fv2%2Fcomments&post=408"}],"version-history":[{"count":8,"href":"https:\/\/founex-loisirs.ch\/index.php?rest_route=\/wp\/v2\/pages\/408\/revisions"}],"predecessor-version":[{"id":451,"href":"https:\/\/founex-loisirs.ch\/index.php?rest_route=\/wp\/v2\/pages\/408\/revisions\/451"}],"up":[{"embeddable":true,"href":"https:\/\/founex-loisirs.ch\/index.php?rest_route=\/wp\/v2\/pages\/114"}],"wp:attachment":[{"href":"https:\/\/founex-loisirs.ch\/index.php?rest_route=%2Fwp%2Fv2%2Fmedia&parent=408"}],"curies":[{"name":"wp","href":"https:\/\/api.w.org\/{rel}","templated":true}]}}